{"id":13,"date":"2023-02-06T12:46:58","date_gmt":"2023-02-06T12:46:58","guid":{"rendered":"https:\/\/wp.tvg.sk\/?page_id=13"},"modified":"2023-02-26T16:21:42","modified_gmt":"2023-02-26T16:21:42","slug":"casto-kladene-otazky","status":"publish","type":"page","link":"https:\/\/www.tvg.sk\/sk\/casto-kladene-otazky\/","title":{"rendered":"\u010casto kladen\u00e9 ot\u00e1zky"},"content":{"rendered":"<div data-colibri-id=\"13-c1\" class=\"style-436 style-local-13-c1 position-relative\">\n  <!---->\n  <div data-colibri-component=\"section\" data-colibri-id=\"13-c2\" id=\"custom\" class=\"h-section h-section-global-spacing d-flex align-items-lg-center align-items-md-center align-items-center style-437 style-local-13-c2 position-relative\">\n    <!---->\n    <!---->\n    <div class=\"h-section-grid-container h-section-boxed-container\">\n      <!---->\n      <div data-colibri-id=\"13-c3\" class=\"h-row-container gutters-row-lg-2 gutters-row-md-2 gutters-row-0 gutters-row-v-lg-2 gutters-row-v-md-2 gutters-row-v-2 style-438 style-local-13-c3 position-relative\">\n        <!---->\n        <div class=\"h-row justify-content-lg-center justify-content-md-center justify-content-center align-items-lg-stretch align-items-md-stretch align-items-stretch gutters-col-lg-2 gutters-col-md-2 gutters-col-0 gutters-col-v-lg-2 gutters-col-v-md-2 gutters-col-v-2\">\n          <!---->\n          <div class=\"h-column h-column-container d-flex h-col-lg-auto h-col-md-auto h-col-auto style-439-outer style-local-13-c4-outer\">\n            <div data-colibri-id=\"13-c4\" class=\"d-flex h-flex-basis h-column__inner h-px-lg-2 h-px-md-2 h-px-2 v-inner-lg-2 v-inner-md-2 v-inner-2 style-439 style-local-13-c4 position-relative\">\n              <!---->\n              <!---->\n              <div class=\"w-100 h-y-container h-column__content h-column__v-align flex-basis-100 align-self-lg-start align-self-md-start align-self-start\">\n                <!---->\n                <div data-colibri-id=\"13-c5\" class=\"h-text h-text-component style-988 style-local-13-c5 position-relative h-element\">\n                  <!---->\n                  <!---->\n                  <div class=\"\">\n                    <p>\u010casto kladen\u00e9 ot\u00e1zky<\/p>\n                  <\/div>\n                <\/div>\n              <\/div>\n            <\/div>\n          <\/div>\n        <\/div>\n      <\/div>\n    <\/div>\n  <\/div>\n  <div data-colibri-component=\"section\" data-colibri-id=\"13-c6\" id=\"blank\" class=\"h-section h-section-global-spacing d-flex align-items-lg-center align-items-md-center align-items-center style-979 style-local-13-c6 position-relative\">\n    <!---->\n    <!---->\n    <div class=\"h-separator\" style=\"height: 28px; bottom: calc(0px);\">\n      <svg style=\"fill:#17252a;transform:rotateX(180deg);\" xmlns=\"http:\/\/www.w3.org\/2000\/svg\" viewBox=\"0 0 1000 100\" preserveAspectRatio=\"none\">\n        <path class=\"svg-white-bg\" d=\"M0,0c0,0,0,6,0,6.7c0,18,240.2,93.6,615.2,92.6C989.8,98.5,1000,25,1000,6.7c0-0.7,0-6.7,0-6.7H0z\"><\/path>\n      <\/svg>\n    <\/div>\n    <div class=\"h-section-grid-container h-section-boxed-container\">\n      <!---->\n      <div data-colibri-id=\"13-c7\" class=\"h-row-container gutters-row-lg-2 gutters-row-md-2 gutters-row-0 gutters-row-v-lg-2 gutters-row-v-md-2 gutters-row-v-2 style-980 style-local-13-c7 position-relative\">\n        <!---->\n        <div class=\"h-row justify-content-lg-center justify-content-md-center justify-content-center align-items-lg-stretch align-items-md-stretch align-items-stretch gutters-col-lg-2 gutters-col-md-2 gutters-col-0 gutters-col-v-lg-2 gutters-col-v-md-2 gutters-col-v-2\">\n          <!---->\n          <div class=\"h-column h-column-container d-flex h-col-lg-auto h-col-md-auto h-col-auto style-981-outer style-local-13-c8-outer\">\n            <div data-colibri-id=\"13-c8\" class=\"d-flex h-flex-basis h-column__inner h-px-lg-2 h-px-md-2 h-px-2 v-inner-lg-2 v-inner-md-2 v-inner-2 style-981 style-local-13-c8 position-relative\">\n              <!---->\n              <!---->\n              <div class=\"w-100 h-y-container h-column__content h-column__v-align flex-basis-100 align-self-lg-start align-self-md-start align-self-start\">\n                <!---->\n                <div data-colibri-id=\"13-c9\" class=\"h-text h-text-component style-987 style-local-13-c9 position-relative h-element\">\n                  <!---->\n                  <!---->\n                  <div class=\"\">\n                    <p><strong>\u010comu sa hlavne venujeme?<\/strong>\n                      <br>Na\u0161i grafick\u00ed oper\u00e1tori poskytuj\u00fa svoje slu\u017eby pri \u017eiv\u00fdch \u0161portov\u00fdch prenosoch (titulky, \u0161tatistiky, tabu\u013eky,..). S\u00fa nau\u010den\u00ed reagova\u0165 na v\u00fdvoj hry a s\u00fa odoln\u00ed vo\u010di tlaku, ktor\u00fd sa \u010dasto vyskytuje pri \u017eiv\u00fdch v\u00fdrob\u00e1ch.<\/p>\n                    <p><strong>Pri ak\u00fdch \u0161portoch m\u00f4\u017eete vyu\u017ei\u0165 na\u0161e slu\u017eby?<\/strong>\n                      <br>Pri v\u0161etk\u00fdch. Hokej, futbal, tenis, basketbal, h\u00e1dzan\u00e1 a volejbal s\u00fa \u0161porty, ktor\u00fdm sme sa venovali alebo venujeme pravidelne, ale vo v\u0161eobecnosti vieme pokry\u0165 s na\u0161ou grafikou a grafick\u00fdmi oper\u00e1tormi ktor\u00fako\u013evek \u0161portov\u00fa udalos\u0165.<\/p>\n                    <p><strong>Viete vyu\u017ei\u0165 na\u0161e grafick\u00e9 slu\u017eby aj mimo \u0161portov\u00fdch podujat\u00ed?<\/strong>\n                      <br>\u00c1no, v z\u00e1vislosti od podujatia. V minulosti sme spolupracovali na z\u00e1bavnej show Svadba snov, ale na\u0161e grafick\u00e9 slu\u017eby sa vyu\u017e\u00edvaj\u00fa aj na niektor\u00fdch v\u00fdrob\u00e1ch Farm\u00e1rskej revue.<\/p>\n                    <p><strong>Poskytujeme aj in\u00e9 slu\u017eby?<\/strong>\n                      <br>\u00c1no, vieme vytvori\u0165 softv\u00e9r, ktor\u00fd m\u00f4\u017eu vyu\u017e\u00edva\u0165 extern\u00ed grafick\u00ed oper\u00e1tori, vieme poskytn\u00fa\u0165 spolupr\u00e1cu pri prip\u00e1jan\u00ed sa na \u010dasomiery, vieme pon\u00faknu\u0165 aj virtu\u00e1lnu grafiku. Taktie\u017e pon\u00fakame aj slu\u017eby zbierania d\u00e1t\/\u0161tatist\u00edk pri \u017eiv\u00fdch\n                      \u0161portov\u00fdch prenosoch.<\/p>\n                    <p><strong>Ko\u013eko prenosov ro\u010dne urob\u00edme?<\/strong>\n                      <br>Je to \u0165a\u017eko pau\u0161alizova\u0165, ke\u010f\u017ee ka\u017ed\u00fd rok sa to men\u00ed, ale v priebehu roka sprav\u00edme cca 250 prenosov.<\/p>\n                    <p>\n                      <br>\n                    <\/p>\n                    <p>Ak m\u00e1te viac ot\u00e1zok, nev\u00e1hajte n\u00e1s kontaktova\u0165. Kontaktn\u00e9 inform\u00e1cie n\u00e1jdete v sekcii &#8222;Kontakty&#8220;.<\/p>\n                    <p>\n                      <br>\n                    <\/p>\n                    <p>\n                      <br>\n                    <\/p>\n                  <\/div>\n                <\/div>\n              <\/div>\n            <\/div>\n          <\/div>\n        <\/div>\n      <\/div>\n    <\/div>\n  <\/div>\n  <div data-colibri-component=\"section\" data-colibri-id=\"13-c14\" id=\"reusable-sections-2\" class=\"h-section h-section-global-spacing d-flex align-items-lg-center align-items-md-center align-items-center style-1014 style-local-13-c14 position-relative\">\n    <!---->\n    <!---->\n    <div class=\"h-section-grid-container h-section-boxed-container\">\n      <!---->\n      <div data-colibri-id=\"13-c15\" class=\"h-row-container gutters-row-lg-1 gutters-row-md-1 gutters-row-0 gutters-row-v-lg-1 gutters-row-v-md-1 gutters-row-v-1 style-1015 style-local-13-c15 position-relative\">\n        <!---->\n        <div class=\"h-row justify-content-lg-center justify-content-md-center justify-content-center align-items-lg-stretch align-items-md-stretch align-items-stretch gutters-col-lg-1 gutters-col-md-1 gutters-col-0 gutters-col-v-lg-1 gutters-col-v-md-1 gutters-col-v-1\">\n          <!---->\n          <div class=\"h-column h-column-container d-flex h-col-lg-auto h-col-md-auto h-col-auto style-1016-outer style-local-13-c16-outer\">\n            <div data-colibri-id=\"13-c16\" class=\"d-flex h-flex-basis h-column__inner h-px-lg-2 h-px-md-2 h-px-2 v-inner-lg-2 v-inner-md-2 v-inner-2 style-1016 style-local-13-c16 position-relative\">\n              <!---->\n              <!---->\n              <div class=\"w-100 h-y-container h-column__content h-column__v-align flex-basis-100 align-self-lg-start align-self-md-start align-self-start\">\n                <!---->\n                <div data-colibri-id=\"13-c17\" class=\"d-block style-1017 style-local-13-c17 position-relative h-element\">\n                  <!---->\n                  <div class=\"h-image__frame-container-outer\">\n                    <div class=\"h-image__frame-container\">\n                      <!---->\n                      <!---->\n                      <img loading=\"lazy\" decoding=\"async\" width=\"50\" height=\"50\" src=\"https:\/\/www.tvg.sk\/wp-content\/uploads\/2023\/02\/kontakt.png\" class=\"wp-image-454 style-1017-image style-local-13-c17-image\" alt=\"\" \/>\n                      <div class=\"h-image__frame h-hide-lg h-hide-md h-hide-sm style-1017-frameImage style-local-13-c17-frameImage\"><\/div>\n                    <\/div>\n                  <\/div>\n                <\/div>\n                <div data-colibri-id=\"13-c18\" class=\"h-text h-text-component style-1018 style-local-13-c18 position-relative h-element\">\n                  <!---->\n                  <!---->\n                  <div class=\"\">\n                    <p>Vajansk\u00e9ho 43\n                      <br>Pre\u0161ov, 080 01\n                      <br>prenosy(at)tvg.sk<\/p>\n                  <\/div>\n                <\/div>\n              <\/div>\n            <\/div>\n          <\/div>\n          <div class=\"h-column h-column-container d-flex h-col-lg-auto h-col-md-auto h-col-auto style-1019-outer style-local-13-c19-outer\">\n            <div data-colibri-id=\"13-c19\" class=\"d-flex h-flex-basis h-column__inner h-px-lg-0 h-px-md-0 h-px-0 v-inner-lg-0 v-inner-md-0 v-inner-0 style-1019 style-local-13-c19 position-relative\">\n              <!---->\n              <!---->\n              <div class=\"w-100 h-y-container h-column__content h-column__v-align flex-basis-100 align-self-lg-start align-self-md-start align-self-start\">\n                <!---->\n                <div data-colibri-id=\"13-c20\" class=\"d-block style-1020 style-local-13-c20 position-relative h-element\">\n                  <!---->\n                  <div class=\"h-image__frame-container-outer\">\n                    <div class=\"h-image__frame-container\">\n                      <!---->\n                      <!---->\n                      <img loading=\"lazy\" decoding=\"async\" width=\"50\" height=\"50\" src=\"https:\/\/www.tvg.sk\/wp-content\/uploads\/2023\/02\/otaznik.png\" class=\"wp-image-456 style-1020-image style-local-13-c20-image\" alt=\"\" \/>\n                      <div class=\"h-image__frame h-hide-lg h-hide-md h-hide-sm style-1020-frameImage style-local-13-c20-frameImage\"><\/div>\n                    <\/div>\n                  <\/div>\n                <\/div>\n                <div data-colibri-id=\"13-c21\" class=\"h-x-container style-1021 style-local-13-c21 position-relative h-element\">\n                  <!---->\n                  <div class=\"h-x-container-inner style-dynamic-13-c21-group style-1021-spacing style-local-13-c21-spacing\"><span class=\"h-button__outer style-1022-outer style-local-13-c22-outer d-inline-flex h-element\"><a h-use-smooth-scroll=\"true\" href=\"https:\/\/www.tvg.sk\"  data-colibri-id=\"13-c22\" class=\"d-flex w-100 align-items-center h-button justify-content-lg-center justify-content-md-center justify-content-center style-1022 style-local-13-c22 position-relative\"><!----><!----> <span>Domov<\/span><\/a>\n                    <\/span>\n                  <\/div>\n                <\/div>\n                <div data-colibri-id=\"13-c23\" class=\"h-x-container style-1023 style-local-13-c23 position-relative h-element\">\n                  <!---->\n                  <div class=\"h-x-container-inner style-dynamic-13-c23-group style-1023-spacing style-local-13-c23-spacing\"><span class=\"h-button__outer style-1024-outer style-local-13-c24-outer d-inline-flex h-element\"><a h-use-smooth-scroll=\"true\" href=\"https:\/\/www.tvg.sk\/blog\/\"  data-colibri-id=\"13-c24\" class=\"d-flex w-100 align-items-center h-button justify-content-lg-center justify-content-md-center justify-content-center style-1024 style-local-13-c24 position-relative\"><!----><!----> <span>Blog<\/span><\/a>\n                    <\/span>\n                  <\/div>\n                <\/div>\n                <div data-colibri-id=\"13-c25\" class=\"h-x-container style-1025 style-local-13-c25 position-relative h-element\">\n                  <!---->\n                  <div class=\"h-x-container-inner style-dynamic-13-c25-group style-1025-spacing style-local-13-c25-spacing\"><span class=\"h-button__outer style-1026-outer style-local-13-c26-outer d-inline-flex h-element\"><a h-use-smooth-scroll=\"true\" href=\"https:\/\/www.tvg.sk\/o-spolocnosti\/\"  data-colibri-id=\"13-c26\" class=\"d-flex w-100 align-items-center h-button justify-content-lg-center justify-content-md-center justify-content-center style-1026 style-local-13-c26 position-relative\"><!----><!----> <span>O spolo\u010dnosti<\/span><\/a>\n                    <\/span>\n                  <\/div>\n                <\/div>\n                <div data-colibri-id=\"13-c27\" class=\"h-x-container style-1027 style-local-13-c27 position-relative h-element\">\n                  <!---->\n                  <div class=\"h-x-container-inner style-dynamic-13-c27-group style-1027-spacing style-local-13-c27-spacing\"><span class=\"h-button__outer style-1028-outer style-local-13-c28-outer d-inline-flex h-element\"><a h-use-smooth-scroll=\"true\" href=\"https:\/\/www.tvg.sk\/casto-kladene-otazky\/\"  data-colibri-id=\"13-c28\" class=\"d-flex w-100 align-items-center h-button justify-content-lg-center justify-content-md-center justify-content-center style-1028 style-local-13-c28 position-relative\"><!----><!----> <span>\u010casto kladen\u00e9 ot\u00e1zky<\/span><\/a>\n                    <\/span>\n                  <\/div>\n                <\/div>\n                <div data-colibri-id=\"13-c29\" class=\"h-x-container style-1029 style-local-13-c29 position-relative h-element\">\n                  <!---->\n                  <div class=\"h-x-container-inner style-dynamic-13-c29-group style-1029-spacing style-local-13-c29-spacing\"><span class=\"h-button__outer style-1030-outer style-local-13-c30-outer d-inline-flex h-element\"><a h-use-smooth-scroll=\"true\" href=\"https:\/\/www.tvg.sk\/kontakt\/\"  data-colibri-id=\"13-c30\" class=\"d-flex w-100 align-items-center h-button justify-content-lg-center justify-content-md-center justify-content-center style-1030 style-local-13-c30 position-relative\"><!----><!----> <span>Kontakt<\/span><\/a>\n                    <\/span>\n                  <\/div>\n                <\/div>\n              <\/div>\n            <\/div>\n          <\/div>\n          <div class=\"h-column h-column-container d-flex h-col-lg-auto h-col-md-auto h-col-auto style-1031-outer style-local-13-c31-outer\">\n            <div data-colibri-id=\"13-c31\" class=\"d-flex h-flex-basis h-column__inner h-px-lg-2 h-px-md-2 h-px-2 v-inner-lg-2 v-inner-md-2 v-inner-2 style-1031 style-local-13-c31 position-relative\">\n              <!---->\n              <!---->\n              <div class=\"w-100 h-y-container h-column__content h-column__v-align flex-basis-100 align-self-lg-start align-self-md-start align-self-start\">\n                <!---->\n                <div data-colibri-id=\"13-c32\" class=\"d-block style-1032 style-local-13-c32 position-relative h-element\">\n                  <!---->\n                  <div class=\"h-image__frame-container-outer\">\n                    <div class=\"h-image__frame-container\">\n                      <!---->\n                      <!---->\n                      <img loading=\"lazy\" decoding=\"async\" width=\"50\" height=\"50\" src=\"https:\/\/www.tvg.sk\/wp-content\/uploads\/2023\/02\/copyright.png\" class=\"wp-image-457 style-1032-image style-local-13-c32-image\" alt=\"\" \/>\n                      <div class=\"h-image__frame h-hide-lg h-hide-md h-hide-sm style-1032-frameImage style-local-13-c32-frameImage\"><\/div>\n                    <\/div>\n                  <\/div>\n                <\/div>\n                <div data-colibri-id=\"13-c33\" class=\"h-text h-text-component style-1033 style-local-13-c33 position-relative h-element\">\n                  <!---->\n                  <!---->\n                  <div class=\"\">\n                    <p><span style=\"color: rgb(77, 81, 86); font-family: arial, sans-serif; font-size: 14px; font-weight: 400;\">\u00a9 <\/span>TVG s.r.o.\n                      <br> 2023<\/p>\n                  <\/div>\n                <\/div>\n                <div data-colibri-id=\"13-c34\" class=\"d-block style-1034 style-local-13-c34 position-relative h-element\">\n                  <!---->\n                  <div class=\"h-image__frame-container-outer\">\n                    <div class=\"h-image__frame-container\">\n                      <!---->\n                      <!---->\n                      <img loading=\"lazy\" decoding=\"async\" width=\"299\" height=\"118\" src=\"https:\/\/www.tvg.sk\/wp-content\/uploads\/2023\/02\/cropped-tvg_small_foot.png\" class=\"wp-image-489 style-1034-image style-local-13-c34-image\" alt=\"\" \/>\n                      <div class=\"h-image__frame h-hide-lg h-hide-md h-hide-sm style-1034-frameImage style-local-13-c34-frameImage\"><\/div>\n                    <\/div>\n                  <\/div>\n                <\/div>\n              <\/div>\n            <\/div>\n          <\/div>\n        <\/div>\n      <\/div>\n    <\/div>\n  <\/div>\n<\/div>","protected":false},"excerpt":{"rendered":"<p>\u010casto kladen\u00e9 ot\u00e1zky \u010comu sa hlavne venujeme? Na\u0161i grafick\u00ed oper\u00e1tori poskytuj\u00fa svoje slu\u017eby pri \u017eiv\u00fdch \u0161portov\u00fdch prenosoch (titulky, \u0161tatistiky, tabu\u013eky,..). S\u00fa nau\u010den\u00ed reagova\u0165 na v\u00fdvoj hry a s\u00fa odoln\u00ed vo\u010di tlaku, ktor\u00fd sa \u010dasto vyskytuje pri \u017eiv\u00fdch v\u00fdrob\u00e1ch. Pri ak\u00fdch \u0161portoch m\u00f4\u017eete vyu\u017ei\u0165 na\u0161e slu\u017eby? Pri v\u0161etk\u00fdch. Hokej, futbal, tenis, basketbal, h\u00e1dzan\u00e1 a volejbal s\u00fa [&hellip;]<\/p>\n","protected":false},"author":1,"featured_media":0,"parent":0,"menu_order":0,"comment_status":"closed","ping_status":"closed","template":"page-templates\/full-width-page.php","meta":{"footnotes":""},"class_list":["post-13","page","type-page","status-publish","hentry"],"_links":{"self":[{"href":"https:\/\/www.tvg.sk\/sk\/wp-json\/wp\/v2\/pages\/13","targetHints":{"allow":["GET"]}}],"collection":[{"href":"https:\/\/www.tvg.sk\/sk\/wp-json\/wp\/v2\/pages"}],"about":[{"href":"https:\/\/www.tvg.sk\/sk\/wp-json\/wp\/v2\/types\/page"}],"author":[{"embeddable":true,"href":"https:\/\/www.tvg.sk\/sk\/wp-json\/wp\/v2\/users\/1"}],"replies":[{"embeddable":true,"href":"https:\/\/www.tvg.sk\/sk\/wp-json\/wp\/v2\/comments?post=13"}],"version-history":[{"count":20,"href":"https:\/\/www.tvg.sk\/sk\/wp-json\/wp\/v2\/pages\/13\/revisions"}],"predecessor-version":[{"id":1335,"href":"https:\/\/www.tvg.sk\/sk\/wp-json\/wp\/v2\/pages\/13\/revisions\/1335"}],"wp:attachment":[{"href":"https:\/\/www.tvg.sk\/sk\/wp-json\/wp\/v2\/media?parent=13"}],"curies":[{"name":"wp","href":"https:\/\/api.w.org\/{rel}","templated":true}]}}