{"id":7,"date":"2023-02-06T12:46:58","date_gmt":"2023-02-06T12:46:58","guid":{"rendered":"https:\/\/wp.tvg.sk\/?page_id=7"},"modified":"2023-02-25T18:36:42","modified_gmt":"2023-02-25T18:36:42","slug":"o-spolocnosti","status":"publish","type":"page","link":"https:\/\/www.tvg.sk\/sk\/o-spolocnosti\/","title":{"rendered":"O str\u00e1nke"},"content":{"rendered":"<div data-colibri-id=\"7-c1\" class=\"style-429 style-local-7-c1 position-relative\">\n  <!---->\n  <div data-colibri-component=\"section\" data-colibri-id=\"7-c2\" id=\"custom\" class=\"h-section h-section-global-spacing d-flex align-items-lg-center align-items-md-center align-items-center style-1125 style-local-7-c2 position-relative\">\n    <!---->\n    <!---->\n    <div class=\"h-section-grid-container h-section-boxed-container\">\n      <!---->\n      <div data-colibri-id=\"7-c3\" class=\"h-row-container gutters-row-lg-2 gutters-row-md-2 gutters-row-0 gutters-row-v-lg-2 gutters-row-v-md-2 gutters-row-v-2 style-1126 style-local-7-c3 position-relative\">\n        <!---->\n        <div class=\"h-row justify-content-lg-center justify-content-md-center justify-content-center align-items-lg-stretch align-items-md-stretch align-items-stretch gutters-col-lg-2 gutters-col-md-2 gutters-col-0 gutters-col-v-lg-2 gutters-col-v-md-2 gutters-col-v-2\">\n          <!---->\n          <div class=\"h-column h-column-container d-flex h-col-lg-auto h-col-md-auto h-col-auto style-1127-outer style-local-7-c4-outer\">\n            <div data-colibri-id=\"7-c4\" class=\"d-flex h-flex-basis h-column__inner h-px-lg-2 h-px-md-2 h-px-2 v-inner-lg-2 v-inner-md-2 v-inner-2 style-1127 style-local-7-c4 position-relative\">\n              <!---->\n              <!---->\n              <div class=\"w-100 h-y-container h-column__content h-column__v-align flex-basis-100 align-self-lg-start align-self-md-start align-self-start\">\n                <!---->\n                <div data-colibri-id=\"7-c5\" class=\"h-text h-text-component style-1128 style-local-7-c5 position-relative h-element\">\n                  <!---->\n                  <!---->\n                  <div class=\"\">\n                    <p>O n\u00e1s<\/p>\n                  <\/div>\n                <\/div>\n              <\/div>\n            <\/div>\n          <\/div>\n        <\/div>\n      <\/div>\n    <\/div>\n  <\/div>\n  <div data-colibri-component=\"section\" data-colibri-id=\"7-c6\" id=\"custom-2\" class=\"h-section h-section-global-spacing d-flex align-items-lg-center align-items-md-center align-items-center style-1129 style-local-7-c6 position-relative\">\n    <!---->\n    <!---->\n    <div class=\"h-section-grid-container h-section-boxed-container\">\n      <!---->\n      <div data-colibri-id=\"7-c7\" class=\"h-row-container gutters-row-lg-2 gutters-row-md-2 gutters-row-0 gutters-row-v-lg-2 gutters-row-v-md-2 gutters-row-v-2 style-1130 style-local-7-c7 position-relative\">\n        <!---->\n        <div class=\"h-row justify-content-lg-center justify-content-md-center justify-content-center align-items-lg-stretch align-items-md-stretch align-items-stretch gutters-col-lg-2 gutters-col-md-2 gutters-col-0 gutters-col-v-lg-2 gutters-col-v-md-2 gutters-col-v-2\">\n          <!---->\n          <div class=\"h-column h-column-container d-flex h-col-lg-auto h-col-md-auto h-col-auto style-1131-outer style-local-7-c8-outer\">\n            <div data-colibri-id=\"7-c8\" class=\"d-flex h-flex-basis h-column__inner h-px-lg-2 h-px-md-2 h-px-2 v-inner-lg-2 v-inner-md-2 v-inner-2 style-1131 style-local-7-c8 position-relative\">\n              <!---->\n              <!---->\n              <div class=\"w-100 h-y-container h-column__content h-column__v-align flex-basis-100 align-self-lg-start align-self-md-start align-self-start\">\n                <!---->\n                <div data-colibri-id=\"7-c9\" class=\"d-block style-1132 style-local-7-c9 position-relative h-element\">\n                  <!---->\n                  <div class=\"h-image__frame-container-outer\">\n                    <div class=\"h-image__frame-container\">\n                      <!---->\n                      <!---->\n                      <img loading=\"lazy\" decoding=\"async\" width=\"1074\" height=\"467\" src=\"https:\/\/www.tvg.sk\/wp-content\/uploads\/2023\/02\/cropped-milan_timeline.png\" class=\"wp-image-1167 style-1132-image style-local-7-c9-image\" alt=\"\" srcset=\"https:\/\/www.tvg.sk\/wp-content\/uploads\/2023\/02\/cropped-milan_timeline.png 1074w, https:\/\/www.tvg.sk\/wp-content\/uploads\/2023\/02\/cropped-milan_timeline-300x130.png 300w, https:\/\/www.tvg.sk\/wp-content\/uploads\/2023\/02\/cropped-milan_timeline-1024x445.png 1024w, https:\/\/www.tvg.sk\/wp-content\/uploads\/2023\/02\/cropped-milan_timeline-768x334.png 768w, https:\/\/www.tvg.sk\/wp-content\/uploads\/2023\/02\/cropped-milan_timeline-18x8.png 18w\" sizes=\"auto, (max-width: 1074px) 100vw, 1074px\" \/>\n                      <div class=\"h-image__frame h-hide-lg h-hide-md h-hide-sm style-1132-frameImage style-local-7-c9-frameImage\"><\/div>\n                    <\/div>\n                  <\/div>\n                <\/div>\n              <\/div>\n            <\/div>\n          <\/div>\n        <\/div>\n      <\/div>\n    <\/div>\n  <\/div>\n  <div data-colibri-component=\"section\" data-colibri-id=\"7-c10\" id=\"custom-3\" class=\"h-section h-section-global-spacing d-flex align-items-lg-center align-items-md-center align-items-center style-1133 style-local-7-c10 position-relative\">\n    <!---->\n    <!---->\n    <div class=\"h-section-grid-container h-section-boxed-container\">\n      <!---->\n      <div data-colibri-id=\"7-c11\" class=\"h-row-container gutters-row-lg-2 gutters-row-md-2 gutters-row-0 gutters-row-v-lg-2 gutters-row-v-md-2 gutters-row-v-2 style-1136 style-local-7-c11 position-relative\">\n        <!---->\n        <div class=\"h-row justify-content-lg-center justify-content-md-center justify-content-center align-items-lg-stretch align-items-md-stretch align-items-stretch gutters-col-lg-2 gutters-col-md-2 gutters-col-0 gutters-col-v-lg-2 gutters-col-v-md-2 gutters-col-v-2\">\n          <!---->\n          <div class=\"h-column h-column-container d-flex h-col-lg-auto h-col-md-auto h-col-auto style-1137-outer style-local-7-c12-outer\">\n            <div data-colibri-id=\"7-c12\" class=\"d-flex h-flex-basis h-column__inner h-px-lg-2 h-px-md-2 h-px-2 v-inner-lg-2 v-inner-md-2 v-inner-2 style-1137 style-local-7-c12 position-relative\">\n              <!---->\n              <!---->\n              <div class=\"w-100 h-y-container h-column__content h-column__v-align flex-basis-100 align-self-lg-start align-self-md-start align-self-start\">\n                <!---->\n                <div data-colibri-id=\"7-c13\" class=\"h-text h-text-component style-1138 style-local-7-c13 position-relative h-element\">\n                  <!---->\n                  <!---->\n                  <div class=\"\">\n                    <p><strong>1997<\/strong>\n                      <br>zalo\u017eenie spolo\u010dnosti TVG<\/p>\n                    <p><strong>2004<\/strong>\n                      <br>na\u0161a prv\u00e1 \u00fa\u010das\u0165 na OH, ktor\u00e9 sa konali v At\u00e9nach<\/p>\n                    <p><strong>2012<\/strong>\n                      <br>na\u0161a druh\u00e1 \u00fa\u010das\u0165 na OH, ktor\u00e9 sa konali v Lond\u00fdne<\/p>\n                    <p><strong>2013<\/strong>\n                      <br>na\u0161a spolo\u010dnos\u0165 sa spojila s nadn\u00e1rodnou spolo\u010dnos\u0165ou HEGO AB Sweden<\/p>\n                    <p><strong>2021<\/strong>\n                      <br>znova sme sa osamostatnili a poskytovali sme technick\u00fa podporu pre RTVS v r\u00e1mci OH, ktor\u00e9 sa konali Tokiu<\/p>\n                    <p><strong>2022<\/strong>\n                      <br>osl\u00e1vili sme 25 rokov na trhu<\/p>\n                  <\/div>\n                <\/div>\n              <\/div>\n            <\/div>\n          <\/div>\n        <\/div>\n      <\/div>\n    <\/div>\n  <\/div>\n  <div data-colibri-component=\"section\" data-colibri-id=\"7-c14\" id=\"custom-4\" class=\"h-section h-section-global-spacing d-flex align-items-lg-center align-items-md-center align-items-center style-1139 style-local-7-c14 position-relative\">\n    <!---->\n    <!---->\n    <div class=\"h-section-grid-container h-section-boxed-container\">\n      <!---->\n      <div data-colibri-id=\"7-c15\" class=\"h-row-container gutters-row-lg-2 gutters-row-md-2 gutters-row-0 gutters-row-v-lg-2 gutters-row-v-md-2 gutters-row-v-2 style-1140 style-local-7-c15 position-relative\">\n        <!---->\n        <div class=\"h-row justify-content-lg-center justify-content-md-center justify-content-center align-items-lg-stretch align-items-md-stretch align-items-stretch gutters-col-lg-2 gutters-col-md-2 gutters-col-0 gutters-col-v-lg-2 gutters-col-v-md-2 gutters-col-v-2\">\n          <!---->\n          <div class=\"h-column h-column-container d-flex h-col-lg-auto h-col-md-auto h-col-auto style-1141-outer style-local-7-c16-outer\">\n            <div data-colibri-id=\"7-c16\" class=\"d-flex h-flex-basis h-column__inner h-px-lg-2 h-px-md-2 h-px-2 v-inner-lg-2 v-inner-md-2 v-inner-2 style-1141 style-local-7-c16 position-relative\">\n              <!---->\n              <!---->\n              <div class=\"w-100 h-y-container h-column__content h-column__v-align flex-basis-100 align-self-lg-start align-self-md-start align-self-start\">\n                <!---->\n                <div data-colibri-id=\"7-c17\" class=\"h-text h-text-component style-1142 style-local-7-c17 position-relative h-element\">\n                  <!---->\n                  <!---->\n                  <div class=\"\">\n                    <p><strong>Od hist\u00f3rie a\u017e po&nbsp;s\u00fa\u010dasnos\u0165<\/strong><\/p>\n                    <p>TVG s.r.o. bola zalo\u017een\u00e1 v roku 1997 a pod t\u00fdmto obchodn\u00fdm n\u00e1zvom p\u00f4sobila do 7.1.2013. Od 7.1.2013 do 1.7.2021 sa spolo\u010dnos\u0165 TVG s.r.o. stala jednou z portf\u00f3lia spolo\u010dnost\u00ed HEGO AB Sweden a n\u00e1sledne ChyronHego so s\u00eddlom v USA. Na\n                      z\u00e1klade vn\u00fatron\u00fdch zmien v spolo\u010dnosti ChyronHego a situ\u00e1cie na eur\u00f3pskych trhoch sme sa 1.7.2021 op\u00e4\u0165 osamostatnili. Na\u0161a spolo\u010dnos\u0165 sa od za\u010diatku \u0161pecializuje na technol\u00f3gie spojen\u00e9 s telev\u00edznou real-time grafikou a anal\u00fdzou d\u00e1t.\n                      Svoj\u00edm grafick\u00fdm a \u0161tatistick\u00fdm informa\u010dn\u00fdm syst\u00e9mom, hlavne v oblasti \u0161portovej TV grafiky, pokr\u00fdva od roku 1997 potreby v\u0161etk\u00fdch v\u00fdznamn\u00fdch, ale aj men\u0161\u00edch dom\u00e1cich \u0161portov\u00fdch podujat\u00ed, realizovan\u00fdch dom\u00e1cimi resp. zahrani\u010dn\u00fdmi\n                      telev\u00edznymi stanicami. Celkov\u00fd po\u010det GFX produkc\u00ed\u00ed v r\u00f4znych oblastiach TV vysielania od vzniku spolo\u010dnosti sa r\u00e1ta v tis\u00edckach. Medzi hlavn\u00fdch odberate\u013eov na\u0161ich slu\u017eieb v oblasti poskytovania TV grafiky patria RTVS, JOJ, Mark\u00edza.\n                      Zo zahrani\u010dn\u00fdch je to hlavne AMC Networks Intenational. Spolupracovali sme aj s OBS (Olympic Broadcast Services) po\u010das OH 2004 v At\u00e9nach a OH v Lond\u00fdne v roku 2012. V roku 2021, ke\u010f sme sa znova premenovali na TVG s.r.o. sme poskytli\n                      technick\u00fa podporu pre RTVS pre ich \u0161t\u00fadio v r\u00e1mci OH v Tokiu. Ne\u0161lo v\u0161ak len o technick\u00fa podporu &#8211; navrhli sme pre nich softv\u00e9r na mieru a aj grafick\u00e9 podklady.<\/p>\n                  <\/div>\n                <\/div>\n              <\/div>\n            <\/div>\n          <\/div>\n        <\/div>\n      <\/div>\n    <\/div>\n  <\/div>\n  <div data-colibri-component=\"section\" data-colibri-id=\"7-c18\" id=\"custom-5\" class=\"h-section h-section-global-spacing d-flex align-items-lg-center align-items-md-center align-items-center style-1143 style-local-7-c18 position-relative\">\n    <!---->\n    <!---->\n    <div class=\"h-separator\" style=\"height: 28px; bottom: calc(0px);\">\n      <svg style=\"fill:#17252a;transform:rotateX(180deg);\" xmlns=\"http:\/\/www.w3.org\/2000\/svg\" viewBox=\"0 0 1000 100\" preserveAspectRatio=\"none\">\n        <path class=\"svg-white-bg\" d=\"M0,0c0,0,0,6,0,6.7c0,18,240.2,93.6,615.2,92.6C989.8,98.5,1000,25,1000,6.7c0-0.7,0-6.7,0-6.7H0z\"><\/path>\n      <\/svg>\n    <\/div>\n    <div class=\"h-section-grid-container h-section-boxed-container\">\n      <!---->\n      <div data-colibri-id=\"7-c19\" class=\"h-row-container gutters-row-lg-2 gutters-row-md-2 gutters-row-0 gutters-row-v-lg-2 gutters-row-v-md-2 gutters-row-v-2 style-1144 style-local-7-c19 position-relative\">\n        <!---->\n        <div class=\"h-row justify-content-lg-center justify-content-md-center justify-content-center align-items-lg-stretch align-items-md-stretch align-items-stretch gutters-col-lg-2 gutters-col-md-2 gutters-col-0 gutters-col-v-lg-2 gutters-col-v-md-2 gutters-col-v-2\">\n          <!---->\n          <div class=\"h-column h-column-container d-flex h-col-lg-auto h-col-md-auto h-col-auto style-1145-outer style-local-7-c20-outer\">\n            <div data-colibri-id=\"7-c20\" class=\"d-flex h-flex-basis h-column__inner h-px-lg-2 h-px-md-2 h-px-2 v-inner-lg-2 v-inner-md-2 v-inner-2 style-1145 style-local-7-c20 position-relative\">\n              <!---->\n              <!---->\n              <div class=\"w-100 h-y-container h-column__content h-column__v-align flex-basis-100 align-self-lg-start align-self-md-start align-self-start\">\n                <!---->\n                <div data-colibri-id=\"7-c21\" class=\"h-text h-text-component style-1146 style-local-7-c21 position-relative h-element\">\n                  <!---->\n                  <!---->\n                  <div class=\"\">\n                    <p><strong>Produkty a slu\u017eby:<\/strong><\/p>\n                    <p>\u2022 real-time 2D\/3D broadcast grafika a touch-screen grafika\n                      <br>\u2022 virtu\u00e1lna grafika a virtu\u00e1lna reklama (product placement)\n                      <br>\u2022 n\u00e1stroje pre \u0161portov\u00e9 anal\u00fdzy a vylep\u0161enia vysielania\n                      <br>\u2022 \u0161portov\u00e9 informa\u010dn\u00e9 a v\u00fdsledkov\u00e9 syst\u00e9my\n                      <br>\u2022 kompletn\u00fd produk\u010dn\u00fd syst\u00e9m pre \u017eiv\u00e9 internetov\u00e9 \u0161portov\u00e9 vysielanie\n                      <br>\u2022 konektivita k \u010dasomern\u00fdm syst\u00e9mom\n                      <br>\u2022 tvorba softv\u00e9ru, n\u00e1vrh a realiz\u00e1cia rie\u0161en\u00ed na k\u013e\u00fa\u010d<\/p>\n                  <\/div>\n                <\/div>\n              <\/div>\n            <\/div>\n          <\/div>\n        <\/div>\n      <\/div>\n    <\/div>\n  <\/div>\n  <div data-colibri-component=\"section\" data-colibri-id=\"7-c22\" id=\"reusable-sections\" class=\"h-section h-section-global-spacing d-flex align-items-lg-center align-items-md-center align-items-center style-1147 style-local-7-c22 position-relative\">\n    <!---->\n    <!---->\n    <div class=\"h-section-grid-container h-section-boxed-container\">\n      <!---->\n      <div data-colibri-id=\"7-c23\" class=\"h-row-container gutters-row-lg-1 gutters-row-md-1 gutters-row-0 gutters-row-v-lg-1 gutters-row-v-md-1 gutters-row-v-1 style-1148 style-local-7-c23 position-relative\">\n        <!---->\n        <div class=\"h-row justify-content-lg-center justify-content-md-center justify-content-center align-items-lg-stretch align-items-md-stretch align-items-stretch gutters-col-lg-1 gutters-col-md-1 gutters-col-0 gutters-col-v-lg-1 gutters-col-v-md-1 gutters-col-v-1\">\n          <!---->\n          <div class=\"h-column h-column-container d-flex h-col-lg-auto h-col-md-auto h-col-auto style-1149-outer style-local-7-c24-outer\">\n            <div data-colibri-id=\"7-c24\" class=\"d-flex h-flex-basis h-column__inner h-px-lg-2 h-px-md-2 h-px-2 v-inner-lg-2 v-inner-md-2 v-inner-2 style-1149 style-local-7-c24 position-relative\">\n              <!---->\n              <!---->\n              <div class=\"w-100 h-y-container h-column__content h-column__v-align flex-basis-100 align-self-lg-start align-self-md-start align-self-start\">\n                <!---->\n                <div data-colibri-id=\"7-c25\" class=\"d-block style-1150 style-local-7-c25 position-relative h-element\">\n                  <!---->\n                  <div class=\"h-image__frame-container-outer\">\n                    <div class=\"h-image__frame-container\">\n                      <!---->\n                      <!---->\n                      <img loading=\"lazy\" decoding=\"async\" width=\"50\" height=\"50\" src=\"https:\/\/www.tvg.sk\/wp-content\/uploads\/2023\/02\/kontakt.png\" class=\"wp-image-454 style-1150-image style-local-7-c25-image\" alt=\"\" \/>\n                      <div class=\"h-image__frame h-hide-lg h-hide-md h-hide-sm style-1150-frameImage style-local-7-c25-frameImage\"><\/div>\n                    <\/div>\n                  <\/div>\n                <\/div>\n                <div data-colibri-id=\"7-c26\" class=\"h-text h-text-component style-1151 style-local-7-c26 position-relative h-element\">\n                  <!---->\n                  <!---->\n                  <div class=\"\">\n                    <p>Vajansk\u00e9ho 43\n                      <br>Pre\u0161ov, 080 01\n                      <br>prenosy(at)tvg.sk<\/p>\n                  <\/div>\n                <\/div>\n              <\/div>\n            <\/div>\n          <\/div>\n          <div class=\"h-column h-column-container d-flex h-col-lg-auto h-col-md-auto h-col-auto style-1152-outer style-local-7-c27-outer\">\n            <div data-colibri-id=\"7-c27\" class=\"d-flex h-flex-basis h-column__inner h-px-lg-0 h-px-md-0 h-px-0 v-inner-lg-0 v-inner-md-0 v-inner-0 style-1152 style-local-7-c27 position-relative\">\n              <!---->\n              <!---->\n              <div class=\"w-100 h-y-container h-column__content h-column__v-align flex-basis-100 align-self-lg-start align-self-md-start align-self-start\">\n                <!---->\n                <div data-colibri-id=\"7-c28\" class=\"d-block style-1153 style-local-7-c28 position-relative h-element\">\n                  <!---->\n                  <div class=\"h-image__frame-container-outer\">\n                    <div class=\"h-image__frame-container\">\n                      <!---->\n                      <!---->\n                      <img loading=\"lazy\" decoding=\"async\" width=\"50\" height=\"50\" src=\"https:\/\/www.tvg.sk\/wp-content\/uploads\/2023\/02\/otaznik.png\" class=\"wp-image-456 style-1153-image style-local-7-c28-image\" alt=\"\" \/>\n                      <div class=\"h-image__frame h-hide-lg h-hide-md h-hide-sm style-1153-frameImage style-local-7-c28-frameImage\"><\/div>\n                    <\/div>\n                  <\/div>\n                <\/div>\n                <div data-colibri-id=\"7-c29\" class=\"h-x-container style-1154 style-local-7-c29 position-relative h-element\">\n                  <!---->\n                  <div class=\"h-x-container-inner style-dynamic-7-c29-group style-1154-spacing style-local-7-c29-spacing\"><span class=\"h-button__outer style-1155-outer style-local-7-c30-outer d-inline-flex h-element\"><a h-use-smooth-scroll=\"true\" href=\"https:\/\/www.tvg.sk\/\"  data-colibri-id=\"7-c30\" class=\"d-flex w-100 align-items-center h-button justify-content-lg-center justify-content-md-center justify-content-center style-1155 style-local-7-c30 position-relative\"><!----><!----> <span>Domov<\/span><\/a>\n                    <\/span>\n                  <\/div>\n                <\/div>\n                <div data-colibri-id=\"7-c31\" class=\"h-x-container style-1156 style-local-7-c31 position-relative h-element\">\n                  <!---->\n                  <div class=\"h-x-container-inner style-dynamic-7-c31-group style-1156-spacing style-local-7-c31-spacing\"><span class=\"h-button__outer style-1157-outer style-local-7-c32-outer d-inline-flex h-element\"><a h-use-smooth-scroll=\"true\" href=\"https:\/\/www.tvg.sk\/blog\/\"  data-colibri-id=\"7-c32\" class=\"d-flex w-100 align-items-center h-button justify-content-lg-center justify-content-md-center justify-content-center style-1157 style-local-7-c32 position-relative\"><!----><!----> <span>Blog<\/span><\/a>\n                    <\/span>\n                  <\/div>\n                <\/div>\n                <div data-colibri-id=\"7-c33\" class=\"h-x-container style-1158 style-local-7-c33 position-relative h-element\">\n                  <!---->\n                  <div class=\"h-x-container-inner style-dynamic-7-c33-group style-1158-spacing style-local-7-c33-spacing\"><span class=\"h-button__outer style-1159-outer style-local-7-c34-outer d-inline-flex h-element\"><a h-use-smooth-scroll=\"true\" href=\"https:\/\/www.tvg.sk\/o-spolocnosti\/\"  data-colibri-id=\"7-c34\" class=\"d-flex w-100 align-items-center h-button justify-content-lg-center justify-content-md-center justify-content-center style-1159 style-local-7-c34 position-relative\"><!----><!----> <span>O spolo\u010dnosti<\/span><\/a>\n                    <\/span>\n                  <\/div>\n                <\/div>\n                <div data-colibri-id=\"7-c35\" class=\"h-x-container style-1160 style-local-7-c35 position-relative h-element\">\n                  <!---->\n                  <div class=\"h-x-container-inner style-dynamic-7-c35-group style-1160-spacing style-local-7-c35-spacing\"><span class=\"h-button__outer style-1161-outer style-local-7-c36-outer d-inline-flex h-element\"><a h-use-smooth-scroll=\"true\" href=\"https:\/\/www.tvg.sk\/casto-kladene-otazky\/\"  data-colibri-id=\"7-c36\" class=\"d-flex w-100 align-items-center h-button justify-content-lg-center justify-content-md-center justify-content-center style-1161 style-local-7-c36 position-relative\"><!----><!----> <span>\u010casto kladen\u00e9 ot\u00e1zky<\/span><\/a>\n                    <\/span>\n                  <\/div>\n                <\/div>\n                <div data-colibri-id=\"7-c37\" class=\"h-x-container style-1162 style-local-7-c37 position-relative h-element\">\n                  <!---->\n                  <div class=\"h-x-container-inner style-dynamic-7-c37-group style-1162-spacing style-local-7-c37-spacing\"><span class=\"h-button__outer style-1163-outer style-local-7-c38-outer d-inline-flex h-element\"><a h-use-smooth-scroll=\"true\" href=\"https:\/\/www.tvg.sk\/kontakt\/\"  data-colibri-id=\"7-c38\" class=\"d-flex w-100 align-items-center h-button justify-content-lg-center justify-content-md-center justify-content-center style-1163 style-local-7-c38 position-relative\"><!----><!----> <span>Kontakt<\/span><\/a>\n                    <\/span>\n                  <\/div>\n                <\/div>\n              <\/div>\n            <\/div>\n          <\/div>\n          <div class=\"h-column h-column-container d-flex h-col-lg-auto h-col-md-auto h-col-auto style-1164-outer style-local-7-c39-outer\">\n            <div data-colibri-id=\"7-c39\" class=\"d-flex h-flex-basis h-column__inner h-px-lg-2 h-px-md-2 h-px-2 v-inner-lg-2 v-inner-md-2 v-inner-2 style-1164 style-local-7-c39 position-relative\">\n              <!---->\n              <!---->\n              <div class=\"w-100 h-y-container h-column__content h-column__v-align flex-basis-100 align-self-lg-start align-self-md-start align-self-start\">\n                <!---->\n                <div data-colibri-id=\"7-c40\" class=\"d-block style-1165 style-local-7-c40 position-relative h-element\">\n                  <!---->\n                  <div class=\"h-image__frame-container-outer\">\n                    <div class=\"h-image__frame-container\">\n                      <!---->\n                      <!---->\n                      <img loading=\"lazy\" decoding=\"async\" width=\"50\" height=\"50\" src=\"https:\/\/www.tvg.sk\/wp-content\/uploads\/2023\/02\/copyright.png\" class=\"wp-image-457 style-1165-image style-local-7-c40-image\" alt=\"\" \/>\n                      <div class=\"h-image__frame h-hide-lg h-hide-md h-hide-sm style-1165-frameImage style-local-7-c40-frameImage\"><\/div>\n                    <\/div>\n                  <\/div>\n                <\/div>\n                <div data-colibri-id=\"7-c41\" class=\"h-text h-text-component style-1166 style-local-7-c41 position-relative h-element\">\n                  <!---->\n                  <!---->\n                  <div class=\"\">\n                    <p><span style=\"color: rgb(77, 81, 86); font-family: arial, sans-serif; font-size: 14px; font-weight: 400;\">\u00a9 <\/span>TVG s.r.o.\n                      <br> 2023<\/p>\n                  <\/div>\n                <\/div>\n                <div data-colibri-id=\"7-c42\" class=\"d-block style-1167 style-local-7-c42 position-relative h-element\">\n                  <!---->\n                  <div class=\"h-image__frame-container-outer\">\n                    <div class=\"h-image__frame-container\">\n                      <!---->\n                      <!---->\n                      <img loading=\"lazy\" decoding=\"async\" width=\"299\" height=\"118\" src=\"https:\/\/www.tvg.sk\/wp-content\/uploads\/2023\/02\/cropped-tvg_small_foot.png\" class=\"wp-image-489 style-1167-image style-local-7-c42-image\" alt=\"\" \/>\n                      <div class=\"h-image__frame h-hide-lg h-hide-md h-hide-sm style-1167-frameImage style-local-7-c42-frameImage\"><\/div>\n                    <\/div>\n                  <\/div>\n                <\/div>\n              <\/div>\n            <\/div>\n          <\/div>\n        <\/div>\n      <\/div>\n    <\/div>\n  <\/div>\n<\/div>","protected":false},"excerpt":{"rendered":"<p>O n\u00e1s 1997 zalo\u017eenie spolo\u010dnosti TVG 2004 na\u0161a prv\u00e1 \u00fa\u010das\u0165 na OH, ktor\u00e9 sa konali v At\u00e9nach 2012 na\u0161a druh\u00e1 \u00fa\u010das\u0165 na OH, ktor\u00e9 sa konali v Lond\u00fdne 2013 na\u0161a spolo\u010dnos\u0165 sa spojila s nadn\u00e1rodnou spolo\u010dnos\u0165ou HEGO AB Sweden 2021 znova sme sa osamostatnili a poskytovali sme technick\u00fa podporu pre RTVS v r\u00e1mci OH, ktor\u00e9 [&hellip;]<\/p>\n","protected":false},"author":1,"featured_media":0,"parent":0,"menu_order":0,"comment_status":"closed","ping_status":"closed","template":"page-templates\/full-width-page.php","meta":{"footnotes":""},"class_list":["post-7","page","type-page","status-publish","hentry"],"_links":{"self":[{"href":"https:\/\/www.tvg.sk\/sk\/wp-json\/wp\/v2\/pages\/7","targetHints":{"allow":["GET"]}}],"collection":[{"href":"https:\/\/www.tvg.sk\/sk\/wp-json\/wp\/v2\/pages"}],"about":[{"href":"https:\/\/www.tvg.sk\/sk\/wp-json\/wp\/v2\/types\/page"}],"author":[{"embeddable":true,"href":"https:\/\/www.tvg.sk\/sk\/wp-json\/wp\/v2\/users\/1"}],"replies":[{"embeddable":true,"href":"https:\/\/www.tvg.sk\/sk\/wp-json\/wp\/v2\/comments?post=7"}],"version-history":[{"count":20,"href":"https:\/\/www.tvg.sk\/sk\/wp-json\/wp\/v2\/pages\/7\/revisions"}],"predecessor-version":[{"id":1320,"href":"https:\/\/www.tvg.sk\/sk\/wp-json\/wp\/v2\/pages\/7\/revisions\/1320"}],"wp:attachment":[{"href":"https:\/\/www.tvg.sk\/sk\/wp-json\/wp\/v2\/media?parent=7"}],"curies":[{"name":"wp","href":"https:\/\/api.w.org\/{rel}","templated":true}]}}