{"id":8,"date":"2023-02-06T12:46:58","date_gmt":"2023-02-06T12:46:58","guid":{"rendered":"https:\/\/wp.tvg.sk\/?page_id=8"},"modified":"2023-02-25T17:28:12","modified_gmt":"2023-02-25T17:28:12","slug":"kontakt","status":"publish","type":"page","link":"https:\/\/www.tvg.sk\/sk\/kontakt\/","title":{"rendered":"Kontakt"},"content":{"rendered":"<div data-colibri-id=\"8-c1\" class=\"style-441 style-local-8-c1 position-relative\">\n  <!---->\n  <div data-colibri-component=\"section\" data-colibri-id=\"8-c2\" id=\"custom\" class=\"h-section h-section-global-spacing d-flex align-items-lg-center align-items-md-center align-items-center style-1039 style-local-8-c2 position-relative\">\n    <!---->\n    <!---->\n    <div class=\"h-section-grid-container h-section-boxed-container\">\n      <!---->\n      <div data-colibri-id=\"8-c3\" class=\"h-row-container gutters-row-lg-2 gutters-row-md-2 gutters-row-0 gutters-row-v-lg-2 gutters-row-v-md-2 gutters-row-v-2 style-1040 style-local-8-c3 position-relative\">\n        <!---->\n        <div class=\"h-row justify-content-lg-center justify-content-md-center justify-content-center align-items-lg-stretch align-items-md-stretch align-items-stretch gutters-col-lg-2 gutters-col-md-2 gutters-col-0 gutters-col-v-lg-2 gutters-col-v-md-2 gutters-col-v-2\">\n          <!---->\n          <div class=\"h-column h-column-container d-flex h-col-lg-auto h-col-md-auto h-col-auto style-1041-outer style-local-8-c4-outer\">\n            <div data-colibri-id=\"8-c4\" class=\"d-flex h-flex-basis h-column__inner h-px-lg-2 h-px-md-2 h-px-2 v-inner-lg-2 v-inner-md-2 v-inner-2 style-1041 style-local-8-c4 position-relative\">\n              <!---->\n              <!---->\n              <div class=\"w-100 h-y-container h-column__content h-column__v-align flex-basis-100 align-self-lg-start align-self-md-start align-self-start\">\n                <!---->\n                <div data-colibri-id=\"8-c5\" class=\"h-text h-text-component style-1046 style-local-8-c5 position-relative h-element\">\n                  <!---->\n                  <!---->\n                  <div class=\"\">\n                    <p>Kontaktn\u00e9 inform\u00e1cie<\/p>\n                  <\/div>\n                <\/div>\n              <\/div>\n            <\/div>\n          <\/div>\n        <\/div>\n      <\/div>\n    <\/div>\n  <\/div>\n  <div data-colibri-component=\"section\" data-colibri-id=\"8-c6\" id=\"custom-2\" class=\"h-section h-section-global-spacing d-flex align-items-lg-center align-items-md-center align-items-center style-1084 style-local-8-c6 position-relative\">\n    <!---->\n    <!---->\n    <div class=\"h-separator\" style=\"height: 90px; bottom: calc(0px);\">\n      <svg style=\"fill:rgb(245, 250, 253);transform:rotateX(180deg);\" xmlns=\"http:\/\/www.w3.org\/2000\/svg\" viewBox=\"0 0 1000 100\" preserveAspectRatio=\"none\">\n        <path class=\"svg-white-bg\" d=\"M500,98.9L0,6.1V0h1000v6.1L500,98.9z\"><\/path>\n      <\/svg>\n    <\/div>\n    <div class=\"h-section-grid-container h-section-boxed-container\">\n      <!---->\n      <div data-colibri-id=\"8-c7\" class=\"h-row-container gutters-row-lg-0 gutters-row-md-0 gutters-row-0 gutters-row-v-lg-0 gutters-row-v-md-0 gutters-row-v-0 style-1085 style-local-8-c7 position-relative\">\n        <!---->\n        <div class=\"h-row justify-content-lg-center justify-content-md-center justify-content-center align-items-lg-stretch align-items-md-stretch align-items-stretch gutters-col-lg-0 gutters-col-md-0 gutters-col-0 gutters-col-v-lg-0 gutters-col-v-md-0 gutters-col-v-0\">\n          <!---->\n          <div class=\"h-column h-column-container d-flex h-col-lg-auto h-col-md-auto h-col-auto style-1086-outer style-local-8-c8-outer\">\n            <div data-colibri-id=\"8-c8\" class=\"d-flex h-flex-basis h-column__inner h-px-lg-1 h-px-md-1 h-px-1 v-inner-lg-1 v-inner-md-1 v-inner-1 style-1086 style-local-8-c8 position-relative\">\n              <!---->\n              <!---->\n              <div class=\"w-100 h-y-container h-column__content h-column__v-align flex-basis-100 align-self-lg-start align-self-md-start align-self-start\">\n                <!---->\n                <div data-colibri-id=\"8-c9\" class=\"h-icon style-1090 style-local-8-c9 position-relative h-element\">\n                  <!----><span class=\"h-svg-icon h-icon__icon style-1090-icon style-local-8-c9-icon\"><!--Icon by Font Awesome (https:\/\/fontawesome.com)-->\n    <svg version=\"1.1\" xmlns=\"http:\/\/www.w3.org\/2000\/svg\" xmlns:xlink=\"http:\/\/www.w3.org\/1999\/xlink\" id=\"user\" viewBox=\"0 0 1354.8114 1896.0833\">\n      <path d=\"M1280 1399q0 109-62.5 187t-150.5 78H213q-88 0-150.5-78T0 1399q0-85 8.5-160.5t31.5-152 58.5-131 94-89T327 832q131 128 313 128t313-128q76 0 134.5 34.5t94 89 58.5 131 31.5 152 8.5 160.5zm-256-887q0 159-112.5 271.5T640 896 368.5 783.5 256 512t112.5-271.5T640 128t271.5 112.5T1024 512z\"><\/path>\n    <\/svg><\/span><\/div>\n                <div data-colibri-id=\"8-c10\" class=\"h-text h-text-component style-1088 style-local-8-c10 position-relative h-element\">\n                  <!---->\n                  <!---->\n                  <div class=\"\">\n                    <p><strong>Kontakty:<\/strong><\/p>\n                    <p>Konatelia spolo\u010dnosti a GFX Oper\u00e1tori:<\/p>\n                    <p>Milan Dobrovolsk\u00fd &#8211; milan.dobrovolsky(at)tvg.sk &#8211; 0905 477 354<\/p>\n                    <p>Jozef Mi\u017eenko &#8211; jozef.mizenko(at)tvg.sk &#8211; 0918 529 168<\/p>\n                    <p>GFX Oper\u00e1tori:<\/p>\n                    <p>Martin Kla\u010dansk\u00fd &#8211; martin.klacansky(at)tvg.sk &#8211; 0948 105 302<\/p>\n                    <p>Jakub Dobrovolsk\u00fd &#8211; jakub.dobrovolsky(at)tvg.sk &#8211; 0915 144 623<\/p>\n                    <p>Podklady pre TV grafiku:<\/p>\n                    <p>prenosy(at)tvg.sk<\/p>\n                  <\/div>\n                <\/div>\n              <\/div>\n            <\/div>\n          <\/div>\n        <\/div>\n      <\/div>\n    <\/div>\n  <\/div>\n  <div data-colibri-component=\"section\" data-colibri-id=\"8-c11\" id=\"custom-3\" class=\"h-section h-section-global-spacing d-flex align-items-lg-center align-items-md-center align-items-center style-1094 style-local-8-c11 position-relative\">\n    <!---->\n    <div class=\"h-separator\" style=\"height: 100px; top: calc(0px);\">\n      <svg style=\"fill:rgb(245, 250, 253);transform:rotateX(180deg);\" xmlns=\"http:\/\/www.w3.org\/2000\/svg\" viewBox=\"0 0 1000 100\" preserveAspectRatio=\"none\">\n        <path class=\"svg-white-bg\" d=\"M737.9,94.7L0,0v100h1000V0L737.9,94.7z\"><\/path>\n      <\/svg>\n    <\/div>\n    <div class=\"h-separator\" style=\"height: 28px; bottom: calc(0px);\">\n      <svg style=\"fill:#17252a;transform:rotateX(180deg);\" xmlns=\"http:\/\/www.w3.org\/2000\/svg\" viewBox=\"0 0 1000 100\" preserveAspectRatio=\"none\">\n        <path class=\"svg-white-bg\" d=\"M0,0c0,0,0,6,0,6.7c0,18,240.2,93.6,615.2,92.6C989.8,98.5,1000,25,1000,6.7c0-0.7,0-6.7,0-6.7H0z\"><\/path>\n      <\/svg>\n    <\/div>\n    <div class=\"h-section-grid-container h-section-boxed-container\">\n      <!---->\n      <div data-colibri-id=\"8-c12\" class=\"h-row-container gutters-row-lg-2 gutters-row-md-2 gutters-row-0 gutters-row-v-lg-2 gutters-row-v-md-2 gutters-row-v-2 style-1095 style-local-8-c12 position-relative\">\n        <!---->\n        <div class=\"h-row justify-content-lg-center justify-content-md-center justify-content-center align-items-lg-stretch align-items-md-stretch align-items-stretch gutters-col-lg-2 gutters-col-md-2 gutters-col-0 gutters-col-v-lg-2 gutters-col-v-md-2 gutters-col-v-2\">\n          <!---->\n          <div class=\"h-column h-column-container d-flex h-col-lg-auto h-col-md-auto h-col-auto style-1096-outer style-local-8-c13-outer\">\n            <div data-colibri-id=\"8-c13\" class=\"d-flex h-flex-basis h-column__inner h-px-lg-2 h-px-md-2 h-px-2 v-inner-lg-2 v-inner-md-2 v-inner-2 style-1096 style-local-8-c13 position-relative\">\n              <!---->\n              <!---->\n              <div class=\"w-100 h-y-container h-column__content h-column__v-align flex-basis-100 align-self-lg-start align-self-md-start align-self-start\">\n                <!---->\n                <div data-colibri-id=\"8-c14\" class=\"h-icon style-1099 style-local-8-c14 position-relative h-element\">\n                  <!----><span class=\"h-svg-icon h-icon__icon style-1099-icon style-local-8-c14-icon\"><!--Icon by Font Awesome (https:\/\/fontawesome.com)-->\n    <svg version=\"1.1\" xmlns=\"http:\/\/www.w3.org\/2000\/svg\" xmlns:xlink=\"http:\/\/www.w3.org\/1999\/xlink\" id=\"print\" viewBox=\"0 0 1664 1896.0833\">\n      <path d=\"M384 1536h896v-256H384v256zm0-640h896V512h-160q-40 0-68-28t-28-68V256H384v640zm1152 64q0-26-19-45t-45-19-45 19-19 45 19 45 45 19 45-19 19-45zm128 0v416q0 13-9.5 22.5t-22.5 9.5h-224v160q0 40-28 68t-68 28H352q-40 0-68-28t-28-68v-160H32q-13 0-22.5-9.5T0 1376V960q0-79 56.5-135.5T192 768h64V224q0-40 28-68t68-28h672q40 0 88 20t76 48l152 152q28 28 48 76t20 88v256h64q79 0 135.5 56.5T1664 960z\"><\/path>\n    <\/svg><\/span><\/div>\n                <div data-colibri-id=\"8-c15\" class=\"h-text h-text-component style-1097 style-local-8-c15 position-relative h-element\">\n                  <!---->\n                  <!---->\n                  <div class=\"\">\n                    <p><strong>Faktura\u010dn\u00e9 \u00fadaje:<\/strong><\/p>\n                    <p>TVG s.r.o.\n                      <br>Vajansk\u00e9ho 43\n                      <br>080 01 PRE\u0160OV\n                      <br>I\u010cO: 36 449 008\n                      <br>DI\u010c: 2020010905\n                      <br>I\u010c DPH: SK2020010905<\/p>\n                  <\/div>\n                <\/div>\n              <\/div>\n            <\/div>\n          <\/div>\n        <\/div>\n      <\/div>\n      <div data-colibri-id=\"8-c16\" class=\"h-row-container gutters-row-lg-2 gutters-row-md-2 gutters-row-0 gutters-row-v-lg-2 gutters-row-v-md-2 gutters-row-v-2 style-1172 style-local-8-c16 position-relative\">\n        <!---->\n        <div class=\"h-row justify-content-lg-center justify-content-md-center justify-content-center align-items-lg-stretch align-items-md-stretch align-items-stretch gutters-col-lg-2 gutters-col-md-2 gutters-col-0 gutters-col-v-lg-2 gutters-col-v-md-2 gutters-col-v-2\">\n          <!---->\n          <div class=\"h-column h-column-container d-flex h-col-lg-auto h-col-md-auto h-col-auto style-1173-outer style-local-8-c17-outer\">\n            <div data-colibri-id=\"8-c17\" class=\"d-flex h-flex-basis h-column__inner h-px-lg-2 h-px-md-2 h-px-2 v-inner-lg-2 v-inner-md-2 v-inner-2 style-1173 style-local-8-c17 position-relative\">\n              <!---->\n              <!---->\n              <div class=\"w-100 h-y-container h-column__content h-column__v-align flex-basis-100 align-self-lg-start align-self-md-start align-self-start\">\n                <!---->\n                <div data-colibri-id=\"8-c18\" class=\"h-x-container style-1174 style-local-8-c18 position-relative h-element\">\n                  <!---->\n                  <div class=\"h-x-container-inner style-dynamic-8-c18-group style-1174-spacing style-local-8-c18-spacing\"><span class=\"h-button__outer style-1175-outer style-local-8-c19-outer d-inline-flex h-element\"><a h-use-smooth-scroll=\"true\" href=\"https:\/\/www.tvg.sk\/kontaktny-formular\/\"  data-colibri-id=\"8-c19\" class=\"d-flex w-100 align-items-center h-button justify-content-lg-center justify-content-md-center justify-content-center style-1175 style-local-8-c19 position-relative\"><!----><!----> <span>Kontaktujte n\u00e1s<\/span><\/a>\n                    <\/span>\n                  <\/div>\n                <\/div>\n              <\/div>\n            <\/div>\n          <\/div>\n        <\/div>\n      <\/div>\n    <\/div>\n  <\/div>\n  <div data-colibri-component=\"section\" data-colibri-id=\"8-c20\" id=\"reusable-sections\" class=\"h-section h-section-global-spacing d-flex align-items-lg-center align-items-md-center align-items-center style-1100 style-local-8-c20 position-relative\">\n    <!---->\n    <!---->\n    <div class=\"h-section-grid-container h-section-boxed-container\">\n      <!---->\n      <div data-colibri-id=\"8-c21\" class=\"h-row-container gutters-row-lg-1 gutters-row-md-1 gutters-row-0 gutters-row-v-lg-1 gutters-row-v-md-1 gutters-row-v-1 style-1101 style-local-8-c21 position-relative\">\n        <!---->\n        <div class=\"h-row justify-content-lg-center justify-content-md-center justify-content-center align-items-lg-stretch align-items-md-stretch align-items-stretch gutters-col-lg-1 gutters-col-md-1 gutters-col-0 gutters-col-v-lg-1 gutters-col-v-md-1 gutters-col-v-1\">\n          <!---->\n          <div class=\"h-column h-column-container d-flex h-col-lg-auto h-col-md-auto h-col-auto style-1102-outer style-local-8-c22-outer\">\n            <div data-colibri-id=\"8-c22\" class=\"d-flex h-flex-basis h-column__inner h-px-lg-2 h-px-md-2 h-px-2 v-inner-lg-2 v-inner-md-2 v-inner-2 style-1102 style-local-8-c22 position-relative\">\n              <!---->\n              <!---->\n              <div class=\"w-100 h-y-container h-column__content h-column__v-align flex-basis-100 align-self-lg-start align-self-md-start align-self-start\">\n                <!---->\n                <div data-colibri-id=\"8-c23\" class=\"d-block style-1103 style-local-8-c23 position-relative h-element\">\n                  <!---->\n                  <div class=\"h-image__frame-container-outer\">\n                    <div class=\"h-image__frame-container\">\n                      <!---->\n                      <!---->\n                      <img loading=\"lazy\" decoding=\"async\" width=\"50\" height=\"50\" src=\"https:\/\/www.tvg.sk\/wp-content\/uploads\/2023\/02\/kontakt.png\" class=\"wp-image-454 style-1103-image style-local-8-c23-image\" alt=\"\" \/>\n                      <div class=\"h-image__frame h-hide-lg h-hide-md h-hide-sm style-1103-frameImage style-local-8-c23-frameImage\"><\/div>\n                    <\/div>\n                  <\/div>\n                <\/div>\n                <div data-colibri-id=\"8-c24\" class=\"h-text h-text-component style-1104 style-local-8-c24 position-relative h-element\">\n                  <!---->\n                  <!---->\n                  <div class=\"\">\n                    <p>Vajansk\u00e9ho 43\n                      <br>Pre\u0161ov, 080 01\n                      <br>prenosy(at)tvg.sk<\/p>\n                  <\/div>\n                <\/div>\n              <\/div>\n            <\/div>\n          <\/div>\n          <div class=\"h-column h-column-container d-flex h-col-lg-auto h-col-md-auto h-col-auto style-1105-outer style-local-8-c25-outer\">\n            <div data-colibri-id=\"8-c25\" class=\"d-flex h-flex-basis h-column__inner h-px-lg-0 h-px-md-0 h-px-0 v-inner-lg-0 v-inner-md-0 v-inner-0 style-1105 style-local-8-c25 position-relative\">\n              <!---->\n              <!---->\n              <div class=\"w-100 h-y-container h-column__content h-column__v-align flex-basis-100 align-self-lg-start align-self-md-start align-self-start\">\n                <!---->\n                <div data-colibri-id=\"8-c26\" class=\"d-block style-1106 style-local-8-c26 position-relative h-element\">\n                  <!---->\n                  <div class=\"h-image__frame-container-outer\">\n                    <div class=\"h-image__frame-container\">\n                      <!---->\n                      <!---->\n                      <img loading=\"lazy\" decoding=\"async\" width=\"50\" height=\"50\" src=\"https:\/\/www.tvg.sk\/wp-content\/uploads\/2023\/02\/otaznik.png\" class=\"wp-image-456 style-1106-image style-local-8-c26-image\" alt=\"\" \/>\n                      <div class=\"h-image__frame h-hide-lg h-hide-md h-hide-sm style-1106-frameImage style-local-8-c26-frameImage\"><\/div>\n                    <\/div>\n                  <\/div>\n                <\/div>\n                <div data-colibri-id=\"8-c27\" class=\"h-x-container style-1107 style-local-8-c27 position-relative h-element\">\n                  <!---->\n                  <div class=\"h-x-container-inner style-dynamic-8-c27-group style-1107-spacing style-local-8-c27-spacing\"><span class=\"h-button__outer style-1108-outer style-local-8-c28-outer d-inline-flex h-element\"><a h-use-smooth-scroll=\"true\" href=\"https:\/\/www.tvg.sk\"  data-colibri-id=\"8-c28\" class=\"d-flex w-100 align-items-center h-button justify-content-lg-center justify-content-md-center justify-content-center style-1108 style-local-8-c28 position-relative\"><!----><!----> <span>Domov<\/span><\/a>\n                    <\/span>\n                  <\/div>\n                <\/div>\n                <div data-colibri-id=\"8-c29\" class=\"h-x-container style-1109 style-local-8-c29 position-relative h-element\">\n                  <!---->\n                  <div class=\"h-x-container-inner style-dynamic-8-c29-group style-1109-spacing style-local-8-c29-spacing\"><span class=\"h-button__outer style-1110-outer style-local-8-c30-outer d-inline-flex h-element\"><a h-use-smooth-scroll=\"true\" href=\"https:\/\/www.tvg.sk\/blog\/\"  data-colibri-id=\"8-c30\" class=\"d-flex w-100 align-items-center h-button justify-content-lg-center justify-content-md-center justify-content-center style-1110 style-local-8-c30 position-relative\"><!----><!----> <span>Blog<\/span><\/a>\n                    <\/span>\n                  <\/div>\n                <\/div>\n                <div data-colibri-id=\"8-c31\" class=\"h-x-container style-1111 style-local-8-c31 position-relative h-element\">\n                  <!---->\n                  <div class=\"h-x-container-inner style-dynamic-8-c31-group style-1111-spacing style-local-8-c31-spacing\"><span class=\"h-button__outer style-1112-outer style-local-8-c32-outer d-inline-flex h-element\"><a h-use-smooth-scroll=\"true\" href=\"https:\/\/www.tvg.sk\/o-spolocnosti\/\"  data-colibri-id=\"8-c32\" class=\"d-flex w-100 align-items-center h-button justify-content-lg-center justify-content-md-center justify-content-center style-1112 style-local-8-c32 position-relative\"><!----><!----> <span>O spolo\u010dnosti<\/span><\/a>\n                    <\/span>\n                  <\/div>\n                <\/div>\n                <div data-colibri-id=\"8-c33\" class=\"h-x-container style-1113 style-local-8-c33 position-relative h-element\">\n                  <!---->\n                  <div class=\"h-x-container-inner style-dynamic-8-c33-group style-1113-spacing style-local-8-c33-spacing\"><span class=\"h-button__outer style-1114-outer style-local-8-c34-outer d-inline-flex h-element\"><a h-use-smooth-scroll=\"true\" href=\"https:\/\/www.tvg.sk\/casto-kladene-otazky\/\"  data-colibri-id=\"8-c34\" class=\"d-flex w-100 align-items-center h-button justify-content-lg-center justify-content-md-center justify-content-center style-1114 style-local-8-c34 position-relative\"><!----><!----> <span>\u010casto kladen\u00e9 ot\u00e1zky<\/span><\/a>\n                    <\/span>\n                  <\/div>\n                <\/div>\n                <div data-colibri-id=\"8-c35\" class=\"h-x-container style-1115 style-local-8-c35 position-relative h-element\">\n                  <!---->\n                  <div class=\"h-x-container-inner style-dynamic-8-c35-group style-1115-spacing style-local-8-c35-spacing\"><span class=\"h-button__outer style-1116-outer style-local-8-c36-outer d-inline-flex h-element\"><a h-use-smooth-scroll=\"true\" href=\"https:\/\/www.tvg.sk\/kontakt\/\"  data-colibri-id=\"8-c36\" class=\"d-flex w-100 align-items-center h-button justify-content-lg-center justify-content-md-center justify-content-center style-1116 style-local-8-c36 position-relative\"><!----><!----> <span>Kontakt<\/span><\/a>\n                    <\/span>\n                  <\/div>\n                <\/div>\n              <\/div>\n            <\/div>\n          <\/div>\n          <div class=\"h-column h-column-container d-flex h-col-lg-auto h-col-md-auto h-col-auto style-1117-outer style-local-8-c37-outer\">\n            <div data-colibri-id=\"8-c37\" class=\"d-flex h-flex-basis h-column__inner h-px-lg-2 h-px-md-2 h-px-2 v-inner-lg-2 v-inner-md-2 v-inner-2 style-1117 style-local-8-c37 position-relative\">\n              <!---->\n              <!---->\n              <div class=\"w-100 h-y-container h-column__content h-column__v-align flex-basis-100 align-self-lg-start align-self-md-start align-self-start\">\n                <!---->\n                <div data-colibri-id=\"8-c38\" class=\"d-block style-1118 style-local-8-c38 position-relative h-element\">\n                  <!---->\n                  <div class=\"h-image__frame-container-outer\">\n                    <div class=\"h-image__frame-container\">\n                      <!---->\n                      <!---->\n                      <img loading=\"lazy\" decoding=\"async\" width=\"50\" height=\"50\" src=\"https:\/\/www.tvg.sk\/wp-content\/uploads\/2023\/02\/copyright.png\" class=\"wp-image-457 style-1118-image style-local-8-c38-image\" alt=\"\" \/>\n                      <div class=\"h-image__frame h-hide-lg h-hide-md h-hide-sm style-1118-frameImage style-local-8-c38-frameImage\"><\/div>\n                    <\/div>\n                  <\/div>\n                <\/div>\n                <div data-colibri-id=\"8-c39\" class=\"h-text h-text-component style-1119 style-local-8-c39 position-relative h-element\">\n                  <!---->\n                  <!---->\n                  <div class=\"\">\n                    <p><span style=\"color: rgb(77, 81, 86); font-family: arial, sans-serif; font-size: 14px; font-weight: 400;\">\u00a9 <\/span>TVG s.r.o.\n                      <br> 2023<\/p>\n                  <\/div>\n                <\/div>\n                <div data-colibri-id=\"8-c40\" class=\"d-block style-1120 style-local-8-c40 position-relative h-element\">\n                  <!---->\n                  <div class=\"h-image__frame-container-outer\">\n                    <div class=\"h-image__frame-container\">\n                      <!---->\n                      <!---->\n                      <img loading=\"lazy\" decoding=\"async\" width=\"299\" height=\"118\" src=\"https:\/\/www.tvg.sk\/wp-content\/uploads\/2023\/02\/cropped-tvg_small_foot.png\" class=\"wp-image-489 style-1120-image style-local-8-c40-image\" alt=\"\" \/>\n                      <div class=\"h-image__frame h-hide-lg h-hide-md h-hide-sm style-1120-frameImage style-local-8-c40-frameImage\"><\/div>\n                    <\/div>\n                  <\/div>\n                <\/div>\n              <\/div>\n            <\/div>\n          <\/div>\n        <\/div>\n      <\/div>\n    <\/div>\n  <\/div>\n<\/div>","protected":false},"excerpt":{"rendered":"<p>Kontaktn\u00e9 inform\u00e1cie Kontakty: Konatelia spolo\u010dnosti a GFX Oper\u00e1tori: Milan Dobrovolsk\u00fd &#8211; milan.dobrovolsky(at)tvg.sk &#8211; 0905 477 354 Jozef Mi\u017eenko &#8211; jozef.mizenko(at)tvg.sk &#8211; 0918 529 168 GFX Oper\u00e1tori: Martin Kla\u010dansk\u00fd &#8211; martin.klacansky(at)tvg.sk &#8211; 0948 105 302 Jakub Dobrovolsk\u00fd &#8211; jakub.dobrovolsky(at)tvg.sk &#8211; 0915 144 623 Podklady pre TV grafiku: prenosy(at)tvg.sk Faktura\u010dn\u00e9 \u00fadaje: TVG s.r.o. Vajansk\u00e9ho 43 080 01 [&hellip;]<\/p>\n","protected":false},"author":1,"featured_media":0,"parent":0,"menu_order":0,"comment_status":"closed","ping_status":"closed","template":"page-templates\/full-width-page.php","meta":{"footnotes":""},"class_list":["post-8","page","type-page","status-publish","hentry"],"_links":{"self":[{"href":"https:\/\/www.tvg.sk\/sk\/wp-json\/wp\/v2\/pages\/8","targetHints":{"allow":["GET"]}}],"collection":[{"href":"https:\/\/www.tvg.sk\/sk\/wp-json\/wp\/v2\/pages"}],"about":[{"href":"https:\/\/www.tvg.sk\/sk\/wp-json\/wp\/v2\/types\/page"}],"author":[{"embeddable":true,"href":"https:\/\/www.tvg.sk\/sk\/wp-json\/wp\/v2\/users\/1"}],"replies":[{"embeddable":true,"href":"https:\/\/www.tvg.sk\/sk\/wp-json\/wp\/v2\/comments?post=8"}],"version-history":[{"count":20,"href":"https:\/\/www.tvg.sk\/sk\/wp-json\/wp\/v2\/pages\/8\/revisions"}],"predecessor-version":[{"id":1241,"href":"https:\/\/www.tvg.sk\/sk\/wp-json\/wp\/v2\/pages\/8\/revisions\/1241"}],"wp:attachment":[{"href":"https:\/\/www.tvg.sk\/sk\/wp-json\/wp\/v2\/media?parent=8"}],"curies":[{"name":"wp","href":"https:\/\/api.w.org\/{rel}","templated":true}]}}